{"id":7023,"date":"2015-01-16T12:47:15","date_gmt":"2015-01-16T12:47:15","guid":{"rendered":"https:\/\/www.northpost.co.uk\/uhi\/about\/"},"modified":"2015-01-16T12:47:15","modified_gmt":"2015-01-16T12:47:15","slug":"about","status":"publish","type":"page","link":"https:\/\/www.northpost.co.uk\/uhi\/about\/","title":{"rendered":"About"},"content":{"rendered":"<p><img loading=\"lazy\" decoding=\"async\" class=\"alignnone size-full wp-image-5881\" src=\"https:\/\/www.northpost.co.uk\/uhi\/wp-content\/uploads\/2022\/12\/new-island-voices-compositepngcrop.png\" alt=\"New Island Voices compositePNGcrop\" width=\"1230\" height=\"585\" srcset=\"https:\/\/www.northpost.co.uk\/uhi\/wp-content\/uploads\/2022\/12\/new-island-voices-compositepngcrop.png 1230w, https:\/\/www.northpost.co.uk\/uhi\/wp-content\/uploads\/2022\/12\/new-island-voices-compositepngcrop-300x143.png 300w, https:\/\/www.northpost.co.uk\/uhi\/wp-content\/uploads\/2022\/12\/new-island-voices-compositepngcrop-1024x487.png 1024w, https:\/\/www.northpost.co.uk\/uhi\/wp-content\/uploads\/2022\/12\/new-island-voices-compositepngcrop-768x365.png 768w\" sizes=\"auto, (max-width: 1230px) 100vw, 1230px\" \/><\/p>\n<p>This website hosts pages of links to video and other materials in the Guthan nan Eilean\/Island Voices Series, and carries news about the project. It is also a means of communicating ideas and suggestions from local and remote users, who may be speakers, teachers or learners of English or Gaelic, or other languages. Comments are invited on any of the posts, and will be moderated before publication.<\/p>\n<p>Over 150 of the original videos in English and Gaelic can be accessed by clicking on any of the <a href=\"hhttps:\/\/www.northpost.co.uk\/uhi\/series-one\/\" target=\"_blank\" rel=\"noopener\"><strong>Series One<\/strong><\/a>, <strong>Series Two<\/strong> <a href=\"hhttps:\/\/www.northpost.co.uk\/uhi\/series-two-outdoors\/\" target=\"_blank\" rel=\"noopener\"><strong>Outdoors,<\/strong><\/a> <strong><a href=\"hhttps:\/\/www.northpost.co.uk\/uhi\/series-two-generations\/\" target=\"_blank\" rel=\"noopener\">Generations<\/a>,<\/strong> or <a href=\"hhttps:\/\/www.northpost.co.uk\/uhi\/series-two-enterprise\/\" target=\"_blank\" rel=\"noopener\"><strong>Enterprise<\/strong><\/a> plus <a href=\"hhttps:\/\/www.northpost.co.uk\/uhi\/extras\/\" target=\"_blank\" rel=\"noopener\"><strong>Extras<\/strong><\/a> tabs at the top of the page. These pages also give links to full transcripts for each clip, formatted as &#8220;Clilstore&#8221; units (thereby also granting one-click online dictionary access), as well as to catalogues for each collection which list topic, level, and language content of the films. The <strong><a href=\"hhttps:\/\/www.northpost.co.uk\/uhi\/playlists\/\" target=\"_blank\" rel=\"noopener\">Playlists<\/a><\/strong> tab gives access to &#8220;feature-length&#8221; compilations.<\/p>\n<p>Users are invited to browse through the pages, and pick on anything that engages their interest. The documentary clips give a plain language introduction to a topic or event. These are complemented with more challenging authentic speech interviews with actively involved community members, which will give the viewer a closer and more personal insight into the subject at hand.<\/p>\n<p>This project remains work in progress, as the<strong> <a href=\"hhttps:\/\/www.northpost.co.uk\/uhi\/\">homepage blog<\/a><\/strong> continues to record ongoing activity in the community that relates to the language work presented in the core videos, and adds to it. Users are invited to browse through past posts to learn about the history of the project, and see examples of more work by learners and other community members. Alternatively, you can view selections of this work gathered together thematically in the pages titled <a href=\"hhttps:\/\/www.northpost.co.uk\/uhi\/bonnie-prince-charlie\/\" target=\"_blank\" rel=\"noopener\"><strong>Bonnie Prince Charlie<\/strong><\/a>, <strong><a href=\"hhttps:\/\/www.northpost.co.uk\/uhi\/the-great-war\/\" target=\"_blank\" rel=\"noopener\">The Great War<\/a><\/strong>, <strong><a href=\"hhttps:\/\/www.northpost.co.uk\/uhi\/gaelic_journeys\/\" target=\"_blank\" rel=\"noopener\">Gaelic Journeys<\/a><\/strong>, <a href=\"hhttps:\/\/www.northpost.co.uk\/uhi\/storytellers\/\" target=\"_blank\" rel=\"noopener\"><strong>Storytellers<\/strong><\/a>, <strong><a href=\"hhttps:\/\/www.northpost.co.uk\/uhi\/sgeulachdan-thormoid\/\" target=\"_blank\" rel=\"noopener\">Norman Maclean<\/a><\/strong>, <a href=\"hhttps:\/\/www.northpost.co.uk\/uhi\/magaidh-smith\/\" target=\"_blank\" rel=\"noopener\"><strong>Magaidh Smith<\/strong><\/a>, and <a href=\"hhttps:\/\/www.northpost.co.uk\/uhi\/storas-beo\/\" target=\"_blank\" rel=\"noopener\"><strong>St\u00f2ras Be\u00f2<\/strong><\/a>. And comments and suggestions are always welcome!<\/p>\n<p><iframe loading=\"lazy\" title=\"Grogarry Lodge\" width=\"656\" height=\"492\" src=\"https:\/\/www.youtube.com\/embed\/ivU7CZLbm0s?feature=oembed\" frameborder=\"0\" allow=\"accelerometer; autoplay; clipboard-write; encrypted-media; gyroscope; picture-in-picture; web-share\" referrerpolicy=\"strict-origin-when-cross-origin\" allowfullscreen><\/iframe><\/p>\n<p><em>Learners of English and Gaelic gathered for a c\u00e8ilidh at community-owned Grogarry Lodge in South Uist, organised by Cothrom&#8217;s Language and Culture group. An early example (2011) of the project&#8217;s engagement with multilingualism!<\/em><\/p>\n<p>And if you want to dig deeper into some of the community and linguistic issues that surround the project, take a look at the <strong><a href=\"hhttps:\/\/www.northpost.co.uk\/uhi\/research\/\">Research\/Reports<\/a><\/strong> page, which gathers together a range of associated research projects, reports, and articles, or<strong>\u00a0<a href=\"hhttps:\/\/www.northpost.co.uk\/uhi\/talking-points\/\" target=\"_blank\" rel=\"noopener\">Talking Points<\/a><\/strong> or <a href=\"hhttps:\/\/www.northpost.co.uk\/uhi\/aire-air-sunnd\/\" target=\"_blank\" rel=\"noopener\"><strong>Aire air Sunnd<\/strong>,<\/a> where you can listen to related discussions between linguists and community language speakers.<\/p>\n<p>The work is fundamentally bi- or multi-lingual and aims to collect slices of life in the Hebrides and beyond. The project is islands-based, and has included provision for training for tutors and others, with a view to encouraging further community-based recording. The <a href=\"hhttps:\/\/www.northpost.co.uk\/uhi\/other-tongues\/\" target=\"_blank\" rel=\"noopener\"><strong>Other Tongues<\/strong><\/a> page now affords the opportunity to add other languages to the original mix, and <a href=\"hhttps:\/\/www.northpost.co.uk\/uhi\/sgire-a-bhac\/\" target=\"_blank\" rel=\"noopener\"><strong>Sg\u00ecre a&#8217; Bhac,<\/strong><\/a>\u00a0<a href=\"hhttps:\/\/www.northpost.co.uk\/uhi\/extensions\/\" target=\"_blank\" rel=\"noopener\"><strong>Extensions,<\/strong><\/a> and <a href=\"hhttps:\/\/www.northpost.co.uk\/uhi\/shortcuts\/\" target=\"_blank\" rel=\"noopener\"><strong>Shortcuts<\/strong><\/a> showcase other examples of both community and academic collaborations, at local, regional, and international levels. If you would like to try your hand at this kind of work and want some help getting started you can phone or text Gordon Wells on 07879 644984.<\/p>\n<p>Over the years since its inception, the project has worked in partnership with a range of institutions and community groups, including <strong><a href=\"http:\/\/www.smo.uhi.ac.uk\">Sabhal M\u00f2r Ostaig,<\/a> <a href=\"http:\/\/www.cothrom.net\/\">Cothrom<\/a>, <a href=\"http:\/\/www.ampaipear.org.uk\/\">Am P\u00e0ipear<\/a>, <\/strong><a href=\"https:\/\/www.uhi.ac.uk\/en\/research-enterprise\/res-themes\/humanities-and-arts\/language-sciences-institute\/projects\/soillse\/\" target=\"_blank\" rel=\"noopener\"><strong>Soillse<\/strong><\/a>, and others. It now works closely with <a href=\"https:\/\/www.uhi.ac.uk\/en\/research-enterprise\/res-themes\/humanities-and-arts\/language-sciences-institute\/projects\/ciall\/\" target=\"_blank\" rel=\"noopener\"><strong>CIALL<\/strong><\/a>.<\/p>\n<p><strong>Bho th\u00f9s bha a&#8217; phr\u00f2iseict seo airson an d\u00e0 chuid luchd-ionnsachaidh na G\u00e0idhlig agus luchd-ionnsachaidh na Beurla. Ann a bhith ag obair le d\u00e0 ch\u00e0nan c\u00f2mhla chaidh againn air st\u00f2ras nas motha a thogail airson gach fear dhiubh na bhiodh againn ann am Beurla no ann an G\u00e0idhlig nam biomaid ag obair ann an aon ch\u00e0nan a-mh\u00e0in. Mar a tha sinn air gluasad air adhart tha sinn air a bhith ro thoilichte c\u00e0nain eile a thoirt a-staigh cuideachd, gus bhidiothan \u00f9ra ioma-ch\u00e0nanach a chruthachadh airson an d\u00e0 chuid fileantaich agus luchd-ionnsachaidh.<\/strong><\/p>\n<p><strong>Ma tha beachd sam bith aig duine sam bith airson cuspair eile a thoirt a-steach dhan phr\u00f2iseict nach leig sibh fios thugainn?<\/strong><\/p>\n<p style=\"text-align: center\"><strong>\u00a0<\/strong><\/p>\n","protected":false},"excerpt":{"rendered":"<p>This website hosts pages of links to video and other materials in the Guthan nan Eilean\/Island Voices Series, and carries news about the project. It is also a means of communicating ideas and suggestions from local and remote users, who may be speakers, teachers or learners of English or Gaelic, or other languages. Comments are &hellip; <a href=\"https:\/\/www.northpost.co.uk\/uhi\/about\/\" class=\"more-link\">Continue reading <span class=\"screen-reader-text\">About<\/span><\/a><\/p>\n","protected":false},"author":2,"featured_media":0,"parent":0,"menu_order":1,"comment_status":"open","ping_status":"open","template":"","meta":{"footnotes":""},"class_list":["post-7023","page","type-page","status-publish","hentry"],"_links":{"self":[{"href":"https:\/\/www.northpost.co.uk\/uhi\/wp-json\/wp\/v2\/pages\/7023","targetHints":{"allow":["GET"]}}],"collection":[{"href":"https:\/\/www.northpost.co.uk\/uhi\/wp-json\/wp\/v2\/pages"}],"about":[{"href":"https:\/\/www.northpost.co.uk\/uhi\/wp-json\/wp\/v2\/types\/page"}],"author":[{"embeddable":true,"href":"https:\/\/www.northpost.co.uk\/uhi\/wp-json\/wp\/v2\/users\/2"}],"replies":[{"embeddable":true,"href":"https:\/\/www.northpost.co.uk\/uhi\/wp-json\/wp\/v2\/comments?post=7023"}],"version-history":[{"count":0,"href":"https:\/\/www.northpost.co.uk\/uhi\/wp-json\/wp\/v2\/pages\/7023\/revisions"}],"wp:attachment":[{"href":"https:\/\/www.northpost.co.uk\/uhi\/wp-json\/wp\/v2\/media?parent=7023"}],"curies":[{"name":"wp","href":"https:\/\/api.w.org\/{rel}","templated":true}]}}