{"id":5870,"date":"2022-12-29T11:56:35","date_gmt":"2022-12-29T11:56:35","guid":{"rendered":"hhttps:\/\/www.northpost.co.uk\/uhi\/?page_id=5870"},"modified":"2022-12-29T11:56:35","modified_gmt":"2022-12-29T11:56:35","slug":"aire-air-sunnd","status":"publish","type":"page","link":"https:\/\/www.northpost.co.uk\/uhi\/aire-air-sunnd\/","title":{"rendered":"Aire air Sunnd"},"content":{"rendered":"<p><img loading=\"lazy\" decoding=\"async\" class=\"size-full wp-image-5688 aligncenter\" src=\"https:\/\/www.northpost.co.uk\/uhi\/wp-content\/uploads\/2022\/08\/gaelic-cafe-composite-cropped.jpg\" alt=\"Gaelic Cafe composite cropped\" width=\"963\" height=\"517\" srcset=\"https:\/\/www.northpost.co.uk\/uhi\/wp-content\/uploads\/2022\/08\/gaelic-cafe-composite-cropped.jpg 963w, https:\/\/www.northpost.co.uk\/uhi\/wp-content\/uploads\/2022\/08\/gaelic-cafe-composite-cropped-300x161.jpg 300w, https:\/\/www.northpost.co.uk\/uhi\/wp-content\/uploads\/2022\/08\/gaelic-cafe-composite-cropped-768x412.jpg 768w\" sizes=\"auto, (max-width: 963px) 100vw, 963px\" \/><\/p>\n<p><em>SPECIAL NOTICE: Click<\/em> <strong><a href=\"hhttps:\/\/www.northpost.co.uk\/uhi\/aire-air-sunnd\/aas-conference-recordings\/\" target=\"_blank\" rel=\"noopener\">HERE<\/a><\/strong><em> for recordings of the October 7th Togail ar Guthan\/Raising our Voices hybrid conference and webinar!<\/em><\/p>\n<p>This page collects together the various blogposts recording the Island Voices Gaelic-related contributions to the Comann Eachdraidh Uibhist a Tuath\/North Uist Historical Society well-being project \u201cAire air Sunnd\u201d, starting from May 2022. In Phase 1 this was a collaborative project between CEUT and the Universities of Aberdeen, St Andrews, and the Highlands and Islands, supported by the Ideas Fund.<\/p>\n<p>The table below covers <strong>Phase 1<\/strong> (2022-23) contributions only. In cases where the post links to a YouTube video or a Clilstore transcript, direct links are also given to these in addition to the WordPress blogpost.<\/p>\n<p><strong>Phase 2<\/strong> contributions (2023-24) are divided into separate sub-sections: <a href=\"hhttps:\/\/www.northpost.co.uk\/uhi\/aire-air-sunnd\/aas-phase-2-blogposts\/\" target=\"_blank\" rel=\"noopener\"><strong>blogposts,<\/strong><\/a>\u00a0<a href=\"hhttps:\/\/www.northpost.co.uk\/uhi\/aire-air-sunnd\/aas-phase-2-videos\/\" target=\"_blank\" rel=\"noopener\"><strong>videos,<\/strong><\/a>\u00a0and <strong><a href=\"hhttps:\/\/www.northpost.co.uk\/uhi\/aire-air-sunnd\/aas-conference-recordings\/\" target=\"_blank\" rel=\"noopener\">webinar conference<\/a><\/strong>.<\/p>\n<table>\n<tbody>\n<tr>\n<td width=\"99\">Date<\/td>\n<td width=\"370\">Title<\/td>\n<td width=\"117\">Link(s)<\/td>\n<\/tr>\n<tr>\n<td width=\"99\">10\/05\/22<\/td>\n<td width=\"370\">Island Voices &amp; Aire air Sunnd<\/td>\n<td width=\"117\"><a href=\"hhttps:\/\/www.northpost.co.uk\/uhi\/2022\/05\/10\/island-voices-aire-air-sunnd\/\">WordPress<\/a><br \/>\n<a href=\"https:\/\/www.youtube.com\/watch?v=1D5dOwSOV0E\">YouTube<\/a><\/td>\n<\/tr>\n<tr>\n<td width=\"99\">24\/06\/22<\/td>\n<td width=\"370\">Aire air Sunnd: Staing na G\u00e0idhlig<\/td>\n<td width=\"117\"><a href=\"hhttps:\/\/www.northpost.co.uk\/uhi\/2022\/06\/24\/aire-air-sunnd-staing-na-gaidhlig\/\">WordPress<\/a><br \/>\n<a href=\"https:\/\/www.youtube.com\/watch?v=-QmoxtlXntc\">YouTube<\/a><\/td>\n<\/tr>\n<tr>\n<td width=\"99\">31\/07\/22<\/td>\n<td width=\"370\">Gaelic walks with CEUT<\/td>\n<td width=\"117\"><a href=\"hhttps:\/\/www.northpost.co.uk\/uhi\/2022\/07\/31\/gaelic-walks-with-ceut\/\">WordPress<\/a><\/td>\n<\/tr>\n<tr>\n<td width=\"99\">18\/08\/22<\/td>\n<td width=\"370\">Gaelic voices on a roll<\/td>\n<td width=\"117\"><a href=\"hhttps:\/\/www.northpost.co.uk\/uhi\/2022\/08\/18\/gaelic-voices-on-a-roll\/\">WordPress<\/a><\/td>\n<\/tr>\n<tr>\n<td width=\"99\">01\/09\/22<\/td>\n<td width=\"370\">First Digital F\u00e8is notice<\/td>\n<td width=\"117\"><a href=\"hhttps:\/\/www.northpost.co.uk\/uhi\/2022\/09\/01\/island-voices-at-the-digital-feis\/\">WordPress<\/a><\/td>\n<\/tr>\n<tr>\n<td width=\"99\">20\/09\/22<\/td>\n<td width=\"370\">Aire air Sunnd \u2013 by Ear and Eye (Progress Report)<\/td>\n<td width=\"117\"><a href=\"hhttps:\/\/www.northpost.co.uk\/uhi\/2022\/09\/20\/aire-air-sunnd-by-ear-and-eye\/\">WordPress<\/a><br \/>\n<a href=\"https:\/\/www.youtube.com\/watch?v=L8_g-RRlA6E\">YouTube<\/a><\/td>\n<\/tr>\n<tr>\n<td width=\"99\">19\/12\/22<\/td>\n<td width=\"370\">C\u00f2mhradh air Bl\u00e0r Ch\u00e0irinis<\/td>\n<td width=\"117\"><a href=\"hhttps:\/\/www.northpost.co.uk\/uhi\/2022\/12\/19\/comhradh-air-blar-chairinis\/\">WordPress<\/a><br \/>\n<a href=\"https:\/\/www.youtube.com\/watch?v=52peT3tVCns\">YouTube<\/a><br \/>\n<a href=\"https:\/\/clilstore.eu\/cs\/11204\">Clilstore<\/a><\/td>\n<\/tr>\n<tr>\n<td width=\"99\">12\/01\/23<\/td>\n<td width=\"370\">Aire air Sunnd: Artefacts &amp; Stories<\/td>\n<td width=\"117\"><a href=\"hhttps:\/\/www.northpost.co.uk\/uhi\/2023\/01\/12\/aire-air-sunnd-artefacts-stories\/\">WordPress<\/a><br \/>\n<a href=\"https:\/\/youtu.be\/cByO8sVuNxo\">YouTube<\/a><br \/>\n<a href=\"https:\/\/clilstore.eu\/cs\/11235\">Clilstore<\/a><\/td>\n<\/tr>\n<tr>\n<td width=\"99\">01\/02\/23<\/td>\n<td width=\"370\">C\u00f2mhradh air cr\u00econadh nan cladaichean<\/td>\n<td width=\"117\"><a href=\"hhttps:\/\/www.northpost.co.uk\/uhi\/2023\/02\/01\/comhradh-air-crionadh-nan-cladaichean\/\">WordPress<\/a><br \/>\n<a href=\"https:\/\/youtu.be\/yZqNSTIKD0o\">YouTube<\/a><br \/>\n<a href=\"https:\/\/clilstore.eu\/cs\/11280\">Clilstore<\/a><\/td>\n<\/tr>\n<tr>\n<td width=\"99\">01\/05\/23<\/td>\n<td width=\"370\">Second Digital F\u00e8is notice and programme<\/td>\n<td width=\"117\"><a href=\"hhttps:\/\/www.northpost.co.uk\/uhi\/2023\/05\/01\/second-digital-feis\/\">WordPress<\/a><\/td>\n<\/tr>\n<tr>\n<td width=\"99\">28\/06\/23<\/td>\n<td width=\"370\">Recording Community Conversations (Project Review)<\/td>\n<td width=\"117\"><a href=\"hhttps:\/\/www.northpost.co.uk\/uhi\/2023\/06\/28\/recording-community-conversations\/\">WordPress<\/a><br \/>\n<a href=\"https:\/\/youtu.be\/vAzgvpKY7X4\">YouTube<\/a><br \/>\n<a href=\"https:\/\/clilstore.eu\/cs\/11436\">Clilstore<\/a><\/td>\n<\/tr>\n<\/tbody>\n<\/table>\n","protected":false},"excerpt":{"rendered":"<p>SPECIAL NOTICE: Click HERE for recordings of the October 7th Togail ar Guthan\/Raising our Voices hybrid conference and webinar! This page collects together the various blogposts recording the Island Voices Gaelic-related contributions to the Comann Eachdraidh Uibhist a Tuath\/North Uist Historical Society well-being project \u201cAire air Sunnd\u201d, starting from May 2022. In Phase 1 this &hellip; <a href=\"https:\/\/www.northpost.co.uk\/uhi\/aire-air-sunnd\/\" class=\"more-link\">Continue reading <span class=\"screen-reader-text\">Aire air Sunnd<\/span><\/a><\/p>\n","protected":false},"author":2,"featured_media":0,"parent":0,"menu_order":18,"comment_status":"closed","ping_status":"closed","template":"","meta":{"footnotes":""},"class_list":["post-5870","page","type-page","status-publish","hentry"],"_links":{"self":[{"href":"https:\/\/www.northpost.co.uk\/uhi\/wp-json\/wp\/v2\/pages\/5870","targetHints":{"allow":["GET"]}}],"collection":[{"href":"https:\/\/www.northpost.co.uk\/uhi\/wp-json\/wp\/v2\/pages"}],"about":[{"href":"https:\/\/www.northpost.co.uk\/uhi\/wp-json\/wp\/v2\/types\/page"}],"author":[{"embeddable":true,"href":"https:\/\/www.northpost.co.uk\/uhi\/wp-json\/wp\/v2\/users\/2"}],"replies":[{"embeddable":true,"href":"https:\/\/www.northpost.co.uk\/uhi\/wp-json\/wp\/v2\/comments?post=5870"}],"version-history":[{"count":0,"href":"https:\/\/www.northpost.co.uk\/uhi\/wp-json\/wp\/v2\/pages\/5870\/revisions"}],"wp:attachment":[{"href":"https:\/\/www.northpost.co.uk\/uhi\/wp-json\/wp\/v2\/media?parent=5870"}],"curies":[{"name":"wp","href":"https:\/\/api.w.org\/{rel}","templated":true}]}}