{"id":4525,"date":"2020-07-08T11:59:15","date_gmt":"2020-07-08T11:59:15","guid":{"rendered":"hhttps:\/\/www.northpost.co.uk\/uhi\/?page_id=4525"},"modified":"2020-07-08T11:59:15","modified_gmt":"2020-07-08T11:59:15","slug":"storas-beo","status":"publish","type":"page","link":"https:\/\/www.northpost.co.uk\/uhi\/storas-beo\/","title":{"rendered":"St\u00f2ras Be\u00f2"},"content":{"rendered":"<p><a href=\"https:\/\/www.uhi.ac.uk\/en\/research-enterprise\/res-themes\/humanities-and-arts\/language-sciences-institute\/projects\/storas-beo-nan-gaidheal\/\"><img loading=\"lazy\" decoding=\"async\" class=\"aligncenter wp-image-4391 size-full\" title=\"St\u00f2ras Be\u00f2 nan G\u00e0idheal: Scottish contributors\" src=\"https:\/\/www.northpost.co.uk\/uhi\/wp-content\/uploads\/2020\/03\/ensemble.jpg\" alt=\"\" width=\"1315\" height=\"747\" srcset=\"https:\/\/www.northpost.co.uk\/uhi\/wp-content\/uploads\/2020\/03\/ensemble.jpg 1315w, https:\/\/www.northpost.co.uk\/uhi\/wp-content\/uploads\/2020\/03\/ensemble-300x170.jpg 300w, https:\/\/www.northpost.co.uk\/uhi\/wp-content\/uploads\/2020\/03\/ensemble-1024x582.jpg 1024w, https:\/\/www.northpost.co.uk\/uhi\/wp-content\/uploads\/2020\/03\/ensemble-768x436.jpg 768w\" sizes=\"auto, (max-width: 1315px) 100vw, 1315px\" \/><\/a><\/p>\n<p>The St\u00f2ras Be\u00f2 nan G\u00e0idheal project is led by the <a href=\"https:\/\/www.uhi.ac.uk\/en\/research-enterprise\/res-themes\/humanities-and-arts\/language-sciences-institute\/projects\/\" target=\"_blank\" rel=\"noopener\">Language Sciences Institute<\/a> (LSI) of the University of the Highlands and Islands, with Sabhal M\u00f2r Ostaig and Soilllse, and is supported by B\u00f2rd na G\u00e0idhlig and Foras na Gaeilge. This Island Voices page replicates the LSI collection of Scottish recordings so far made, presenting them in slightly different format though still with all wordlinked transcripts in Clilstore. The collection comprises 31 videos of Gaelic speakers from four different islands in the Outer Hebrides talking about a wide range of subjects, including their upbringing in the islands and how they perceive things have changed during their lifetime.<\/p>\n<p>You can read more about the project on the LSI website <a href=\"https:\/\/www.uhi.ac.uk\/en\/research-enterprise\/res-themes\/humanities-and-arts\/language-sciences-institute\/projects\/storas-beo-nan-gaidheal\/\" target=\"_blank\" rel=\"noopener\">here<\/a>, or you can use the table below to go directly to the videos (on YouTube), with accompanying Clilstore transcripts and summary descriptions (in &#8220;Unit Info&#8221;).<\/p>\n<table>\n<tbody>\n<tr>\n<td width=\"150\"><strong>South Uist<\/strong><\/td>\n<td width=\"150\"><strong>Benbecula<\/strong><\/td>\n<td width=\"150\"><strong>North Uist<\/strong><\/td>\n<td width=\"150\"><strong>Lewis<\/strong><\/td>\n<\/tr>\n<tr>\n<td width=\"150\"><a href=\"http:\/\/multidict.net\/cs\/7853\">T\u00f2mas MacDh\u00f2mhnaill (1)<\/a><\/td>\n<td width=\"150\"><a href=\"http:\/\/multidict.net\/cs\/7628\">Eairdsidh Caimbeul<\/a><\/td>\n<td width=\"150\"><a href=\"http:\/\/multidict.net\/cs\/8245\">Alasdair MacDh\u00f2mhnaill (1)<\/a><\/td>\n<td width=\"150\"><a href=\"http:\/\/multidict.net\/cs\/7689\">P\u00e0druig Moireach<\/a><\/td>\n<\/tr>\n<tr>\n<td width=\"150\"><a href=\"http:\/\/multidict.net\/cs\/7854\">T\u00f2mas MacDh\u00f2mhnaill (2)<\/a><\/td>\n<td width=\"150\"><a href=\"http:\/\/multidict.net\/cs\/8243\">Ailig Mac a&#8217; Ph\u00ec (1)<\/a><\/td>\n<td width=\"150\"><a href=\"http:\/\/multidict.net\/cs\/8246\">Alasdair MacDh\u00f2mhnaill (2)<\/a><\/td>\n<td width=\"150\"><a href=\"http:\/\/multidict.net\/cs\/8432\">Iain Greumach (1)<\/a><\/td>\n<\/tr>\n<tr>\n<td width=\"150\"><a href=\"http:\/\/multidict.net\/cs\/7915\">Hughena NicDh\u00f2mhnaill (1)<\/a><\/td>\n<td width=\"150\"><a href=\"http:\/\/multidict.net\/cs\/8244\">Ailig Mac a&#8217; Ph\u00ec (2)<\/a><\/td>\n<td width=\"150\"><a href=\"http:\/\/multidict.net\/cs\/8249\">D\u00f2mhnall MacDh\u00f2mhnaill (1)<\/a><\/td>\n<td width=\"150\"><a href=\"http:\/\/multidict.net\/cs\/8433\">Iain Greumach (2)<\/a><\/td>\n<\/tr>\n<tr>\n<td width=\"150\"><a href=\"http:\/\/multidict.net\/cs\/7916\">Hughena NicDh\u00f2mhnaill (2)<\/a><\/td>\n<td width=\"150\"><a href=\"http:\/\/multidict.net\/cs\/8252\">M\u00e0iri Robasdan (1)<\/a><\/td>\n<td width=\"150\"><a href=\"http:\/\/multidict.net\/cs\/8250\">D\u00f2mhnall MacDh\u00f2mhnaill (2)<\/a><\/td>\n<td width=\"150\"><a href=\"http:\/\/multidict.net\/cs\/8388\">Se\u00f2naid Mhoireach (1)<\/a><\/td>\n<\/tr>\n<tr>\n<td width=\"150\"><a href=\"http:\/\/multidict.net\/cs\/8239\">Alasdair Mac Asgaill<\/a><\/td>\n<td width=\"150\"><a href=\"http:\/\/multidict.net\/cs\/8253\">M\u00e0iri Robasdan (2)<\/a><\/td>\n<td width=\"150\"><a href=\"http:\/\/multidict.net\/cs\/8251\">D\u00f2mhnall MacDh\u00f2mhnaill (3)<\/a><\/td>\n<td width=\"150\"><a href=\"http:\/\/multidict.net\/cs\/8389\">Se\u00f2naid Mhoireach (2)<\/a><\/td>\n<\/tr>\n<tr>\n<td width=\"150\"><a href=\"http:\/\/multidict.net\/cs\/8233\">Catr\u00econa Nic an t-Saoir (1)<\/a><\/td>\n<td width=\"150\"><a href=\"http:\/\/multidict.net\/cs\/8236\">Seonag Smith (1)<\/a><\/td>\n<td width=\"150\"><a href=\"http:\/\/multidict.net\/cs\/8247\">Aonghas MacPh\u00e0il (1)<\/a><\/td>\n<td width=\"150\"><a href=\"http:\/\/multidict.net\/cs\/8434\">Christine Primrose (1)<\/a><\/td>\n<\/tr>\n<tr>\n<td width=\"150\"><a href=\"http:\/\/multidict.net\/cs\/8235\">Catr\u00econa Nic an t-Saoir (2)<\/a><\/td>\n<td width=\"150\"><a href=\"http:\/\/multidict.net\/cs\/8237\">Seonag Smith (2)<\/a><\/td>\n<td width=\"150\"><a href=\"http:\/\/multidict.net\/cs\/8248\">Aonghas MacPh\u00e0il (2)<\/a><\/td>\n<td width=\"150\"><a href=\"http:\/\/multidict.net\/cs\/8435\">Christine Primrose (2)<\/a><\/td>\n<\/tr>\n<tr>\n<td width=\"150\"><\/td>\n<td width=\"150\"><a href=\"http:\/\/multidict.net\/cs\/8238\">Seonag Smith (3)<\/a><\/td>\n<td width=\"150\"><a href=\"http:\/\/multidict.net\/cs\/8240\">Gina NicDh\u00f2mhnaill (1)<\/a><\/td>\n<td width=\"150\"><\/td>\n<\/tr>\n<tr>\n<td width=\"150\"><\/td>\n<td width=\"150\"><\/td>\n<td width=\"150\"><a href=\"http:\/\/multidict.net\/cs\/8241\">Gina NicDh\u00f2mhnaill (2)<\/a><\/td>\n<td width=\"150\"><\/td>\n<\/tr>\n<\/tbody>\n<\/table>\n<p>If viewers see resemblances in style to the earlier <a href=\"hhttps:\/\/www.northpost.co.uk\/uhi\/sgeulachdan-thormoid\/\" target=\"_blank\" rel=\"noopener\">Saoghal Thormoid<\/a> project, these are by no means coincidental! St\u00f2ras Be\u00f2 nan G\u00e0idheal builds on previous Island Voices experience of bringing this kind of recording practice into the community, in a way that is maximally user-friendly, and feels as natural as possible. Not every recording has a fully professional polish in technical terms, and the editing has been deliberately light-touch, but arguably that gives viewers a closer picture of genuine interaction in actual practice.<\/p>\n<p>&nbsp;<\/p>\n","protected":false},"excerpt":{"rendered":"<p>The St\u00f2ras Be\u00f2 nan G\u00e0idheal project is led by the Language Sciences Institute (LSI) of the University of the Highlands and Islands, with Sabhal M\u00f2r Ostaig and Soilllse, and is supported by B\u00f2rd na G\u00e0idhlig and Foras na Gaeilge. This Island Voices page replicates the LSI collection of Scottish recordings so far made, presenting them &hellip; <a href=\"https:\/\/www.northpost.co.uk\/uhi\/storas-beo\/\" class=\"more-link\">Continue reading <span class=\"screen-reader-text\">St\u00f2ras Be\u00f2<\/span><\/a><\/p>\n","protected":false},"author":2,"featured_media":0,"parent":0,"menu_order":15,"comment_status":"closed","ping_status":"closed","template":"","meta":{"footnotes":""},"class_list":["post-4525","page","type-page","status-publish","hentry"],"_links":{"self":[{"href":"https:\/\/www.northpost.co.uk\/uhi\/wp-json\/wp\/v2\/pages\/4525","targetHints":{"allow":["GET"]}}],"collection":[{"href":"https:\/\/www.northpost.co.uk\/uhi\/wp-json\/wp\/v2\/pages"}],"about":[{"href":"https:\/\/www.northpost.co.uk\/uhi\/wp-json\/wp\/v2\/types\/page"}],"author":[{"embeddable":true,"href":"https:\/\/www.northpost.co.uk\/uhi\/wp-json\/wp\/v2\/users\/2"}],"replies":[{"embeddable":true,"href":"https:\/\/www.northpost.co.uk\/uhi\/wp-json\/wp\/v2\/comments?post=4525"}],"version-history":[{"count":0,"href":"https:\/\/www.northpost.co.uk\/uhi\/wp-json\/wp\/v2\/pages\/4525\/revisions"}],"wp:attachment":[{"href":"https:\/\/www.northpost.co.uk\/uhi\/wp-json\/wp\/v2\/media?parent=4525"}],"curies":[{"name":"wp","href":"https:\/\/api.w.org\/{rel}","templated":true}]}}