{"id":3412,"date":"2015-11-22T15:29:24","date_gmt":"2015-11-22T15:29:24","guid":{"rendered":"hhttps:\/\/www.northpost.co.uk\/uhi\/?page_id=3412"},"modified":"2015-11-22T15:29:24","modified_gmt":"2015-11-22T15:29:24","slug":"sgeulachdan-thormoid","status":"publish","type":"page","link":"https:\/\/www.northpost.co.uk\/uhi\/sgeulachdan-thormoid\/","title":{"rendered":"Norman Maclean"},"content":{"rendered":"<h3>1. Saoghal Thormoid<\/h3>\n<p>&nbsp;<\/p>\n<p><img loading=\"lazy\" decoding=\"async\" class=\"aligncenter size-full wp-image-3595\" src=\"https:\/\/www.northpost.co.uk\/uhi\/wp-content\/uploads\/2016\/10\/norman.jpg\" alt=\"norman\" width=\"595\" height=\"346\" srcset=\"https:\/\/www.northpost.co.uk\/uhi\/wp-content\/uploads\/2016\/10\/norman.jpg 770w, https:\/\/www.northpost.co.uk\/uhi\/wp-content\/uploads\/2016\/10\/norman-300x175.jpg 300w, https:\/\/www.northpost.co.uk\/uhi\/wp-content\/uploads\/2016\/10\/norman-768x447.jpg 768w\" sizes=\"auto, (max-width: 595px) 100vw, 595px\" \/><\/p>\n<p>On consecutive days in the last week of April 2016 Gordon Wells recorded a series of Gaelic conversations with famed writer and entertainer Norman Maclean, in which Norman spoke reflectively of his memories and impressions of Gaelic life in Glasgow and the Hebrides from the middle of the Twentieth Century up to the present day. The five videos range between 35 and 55 minutes in length. Word for word transcriptions are also available on Clilstore, enabling instant one-click vocabulary checking for Gaelic learners.<\/p>\n<p>All in all there are 27,000 words and over three and a half hours of listening material in this collection, forming a unique new resource for serious study by learners and researchers. Over the week the conversations ranged over a wide variety of topics, including potentially uncomfortable perceptions and depictions of identity. In broad terms, however, each day had a different central focus, as shown in the table below.<\/p>\n<p>The \u201cSaoghal Thormoid\u201d project is a collaboration between Soillse, the inter-university research partnership which funded the recordings through its Small Research Fund, and Guthan nan Eilean. The hyperlinks in the third column of the table will take you to relevant Island Voices pages. The WordPress post gives a one-paragraph summary of the day\u2019s conversation, with onward links to the materials. The Clilstore link provides a full scrollable wordlinked transcript with embedded video. The YouTube link supplies the free-standing video alone without supplementary material.<\/p>\n<p>A volume including synopses and all transcripts in printable format (with a foreword by Professor Conch\u00far \u00d3 Giollag\u00e1in) is also available <a href=\"hhttps:\/\/www.northpost.co.uk\/uhi\/wp-content\/uploads\/2017\/06\/saoghal-thormoid-synopses-and-transcripts.pdf\" target=\"_blank\" rel=\"noopener\">here<\/a>.<\/p>\n<table>\n<tbody>\n<tr>\n<td width=\"205\"><strong>\u00a0<\/strong><\/td>\n<td width=\"205\">Topic<\/td>\n<td width=\"205\">Island Voices Links<\/td>\n<\/tr>\n<tr>\n<td width=\"205\"><strong>Monday<\/strong><\/td>\n<td width=\"205\">Ancestry<\/td>\n<td width=\"205\"><a href=\"hhttps:\/\/www.northpost.co.uk\/uhi\/2016\/11\/07\/saoghal-thormoid-diluain-sinnsireachd\/\">WordPress post<\/a><\/p>\n<p><a href=\"http:\/\/multidict.net\/cs\/4510\">Clilstore transcript<\/a><\/p>\n<p><a href=\"https:\/\/www.youtube.com\/watch?v=nCR2mVnDcX0&amp;t=33s&amp;index=1&amp;list=PLOku8VJ3RjvKwqq43SumhlP1QHL_FrGNp\">YouTube video<\/a><\/td>\n<\/tr>\n<tr>\n<td width=\"205\"><strong>Tuesday<\/strong><\/td>\n<td width=\"205\">Education<\/td>\n<td width=\"205\"><a href=\"hhttps:\/\/www.northpost.co.uk\/uhi\/2016\/11\/08\/saoghal-thormoid-dimairt-foghlam\/\">WordPress post<\/a><\/p>\n<p><a href=\"http:\/\/multidict.net\/cs\/4511\">Clilstore transcript<\/a><\/p>\n<p><a href=\"https:\/\/www.youtube.com\/watch?v=eiIzDMYAI_A&amp;index=2&amp;list=PLOku8VJ3RjvKwqq43SumhlP1QHL_FrGNp\">YouTube video<\/a><\/td>\n<\/tr>\n<tr>\n<td width=\"205\"><strong>Wednesday<\/strong><\/td>\n<td width=\"205\">Communities<\/td>\n<td width=\"205\"><a href=\"hhttps:\/\/www.northpost.co.uk\/uhi\/2016\/11\/09\/saoghal-thormoid-diciadain-coimhearsnachdan\/\">WordPress post<\/a><\/p>\n<p><a href=\"http:\/\/multidict.net\/cs\/4512\">Clilstore transcript<\/a><\/p>\n<p><a href=\"https:\/\/www.youtube.com\/watch?v=NqUS1wwtCeA&amp;index=3&amp;list=PLOku8VJ3RjvKwqq43SumhlP1QHL_FrGNp\">YouTube video<\/a><\/td>\n<\/tr>\n<tr>\n<td width=\"205\"><strong>Thursday<\/strong><\/td>\n<td width=\"205\">Creativity<\/td>\n<td width=\"205\"><a href=\"hhttps:\/\/www.northpost.co.uk\/uhi\/2016\/11\/10\/saoghal-thormoid-diardaoin-cruthachalachd\/\">WordPress post<\/a><\/p>\n<p><a href=\"http:\/\/multidict.net\/cs\/4513\">Clilstore transcript<\/a><\/p>\n<p><a href=\"https:\/\/www.youtube.com\/watch?v=TlUzd4pKaIg&amp;index=4&amp;list=PLOku8VJ3RjvKwqq43SumhlP1QHL_FrGNp\">YouTube video<\/a><\/td>\n<\/tr>\n<tr>\n<td width=\"205\"><strong>Friday<\/strong><\/td>\n<td width=\"205\">Gaelic<\/td>\n<td width=\"205\"><a href=\"hhttps:\/\/www.northpost.co.uk\/uhi\/2016\/11\/11\/saoghal-thormoid-dihaoine-gaidhlig\/\">WordPress post<\/a><\/p>\n<p><a href=\"http:\/\/multidict.net\/cs\/4514\">Clilstore transcript<\/a><\/p>\n<p><a href=\"https:\/\/www.youtube.com\/watch?v=IP2xWdottZM&amp;index=5&amp;list=PLOku8VJ3RjvKwqq43SumhlP1QHL_FrGNp\">YouTube video<\/a><\/td>\n<\/tr>\n<\/tbody>\n<\/table>\n<p><em>Views expressed by participants in Soillse research do not reflect any official opinion of the Soillse partnership.<\/em><\/p>\n<p>&nbsp;<\/p>\n<h3>2. Sgeulachdan Thormoid<\/h3>\n<p>&nbsp;<\/p>\n<p><a href=\"https:\/\/www.youtube.com\/playlist?list=PLOku8VJ3RjvI4B3OhIeBQPSDz1hKjXqmU\"><img loading=\"lazy\" decoding=\"async\" class=\"aligncenter wp-image-3409 size-large\" title=\"Sgeulachdan Thormoid Playlist\" src=\"https:\/\/www.northpost.co.uk\/uhi\/wp-content\/uploads\/2015\/11\/norman6landscape.jpg?w=595\" alt=\"Norman6landscape\" width=\"595\" height=\"256\" srcset=\"https:\/\/www.northpost.co.uk\/uhi\/wp-content\/uploads\/2015\/11\/norman6landscape.jpg 1100w, https:\/\/www.northpost.co.uk\/uhi\/wp-content\/uploads\/2015\/11\/norman6landscape-300x129.jpg 300w, https:\/\/www.northpost.co.uk\/uhi\/wp-content\/uploads\/2015\/11\/norman6landscape-1024x440.jpg 1024w, https:\/\/www.northpost.co.uk\/uhi\/wp-content\/uploads\/2015\/11\/norman6landscape-768x330.jpg 768w\" sizes=\"auto, (max-width: 595px) 100vw, 595px\" \/><\/a><\/p>\n<p>This collection of six Gaelic stories (plus an introduction) was created by Norman Maclean &#8211; Tormod MacGill-Eain. The recordings were made during visits to his house by Gordon Wells in October 2015.\u00a0In the &#8220;links&#8221; column you can click on \u201cYoutube\u201d to go directly to the recording of the appropriate story. A \u201cClilstore\u201d link will take you to a wordlinked transcript. You can click on any word to take you directly to an online dictionary to find its meaning.<\/p>\n<p>Island Voices\/Guthan nan Eilean is massively indebted to Norman, both for the recordings themselves, and for consenting to place the scripts at the project&#8217;s disposal. The copyright rests with the author.<\/p>\n<table>\n<tbody>\n<tr>\n<td width=\"250\">Title<\/td>\n<td width=\"250\">Content<\/td>\n<td width=\"251\">Links<\/td>\n<\/tr>\n<tr>\n<td width=\"250\">Facal-toisich<\/td>\n<td width=\"250\">Norman explains how he came to put this series together and place it online, in the context of Johannes Gutenberg and the history of publishing.<\/td>\n<td width=\"251\"><a href=\"https:\/\/www.youtube.com\/watch?v=OXRS4B1iN2k\">YouTube<\/a><\/p>\n<p><a href=\"http:\/\/multidict.net\/cs\/3325\">Clilstore<\/a><\/td>\n<\/tr>\n<tr>\n<td width=\"250\">M\u00ecorbhailtean ann am Barraigh<\/td>\n<td width=\"250\">Michael from Bornish, South Uist, faces a difficult situation, but is given hope of a miracle.<\/td>\n<td width=\"251\"><a href=\"https:\/\/www.youtube.com\/watch?v=mj6LQcFESw4\">YouTube<\/a><\/p>\n<p>&nbsp;<\/td>\n<\/tr>\n<tr>\n<td width=\"250\">Cabhag<\/td>\n<td width=\"250\">The story of Cabhag&#8217;s canine heroics in an unsettling encounter on a misty mountainside<\/td>\n<td width=\"251\"><a href=\"https:\/\/www.youtube.com\/watch?v=9OEdOF5TmcQ\">YouTube<\/a><\/p>\n<p><a href=\"http:\/\/multidict.net\/cs\/3326\">Clilstore<\/a><\/td>\n<\/tr>\n<tr>\n<td width=\"250\">H\u00e0llain<\/td>\n<td width=\"250\">Politics, Verbosity, Love, and Death. The romantic story of Fionnlagh Ph\u00e0druig a&#8217; Chnuic and Peigi Iain Bhig<\/td>\n<td width=\"251\"><a href=\"https:\/\/www.youtube.com\/watch?v=pE7hwWrsJvo\">YouTube<\/a><\/p>\n<p><a href=\"http:\/\/multidict.net\/cs\/3327\">Clilstore<\/a><\/td>\n<\/tr>\n<tr>\n<td width=\"250\">D\u00f2mhnall Ph\u00e0draig agus M\u00e0iri Claire<\/td>\n<td width=\"250\">40 years married &#8220;as happy as two shoes&#8221;. M\u00e0iri Claire knows how to deal with her partner&#8217;s crisis of confidence<\/td>\n<td width=\"251\"><a href=\"https:\/\/www.youtube.com\/watch?v=jSYVP31__As\">YouTube<\/a><\/p>\n<p><a href=\"http:\/\/multidict.net\/cs\/3328\">Clilstore<\/a><\/td>\n<\/tr>\n<tr>\n<td width=\"250\">Bodach nan Serviettes<\/td>\n<td width=\"250\">A grand dinner for the pensioners of Harris, with libations galore<\/td>\n<td width=\"251\"><a href=\"https:\/\/www.youtube.com\/watch?v=Dq9zUc0uUCY\">YouTube<\/a><\/td>\n<\/tr>\n<tr>\n<td width=\"250\">A\u2019 Bhean-Uasal Nic\u00ccomhair \u00e0 Cnoc an t-Soluis air a\u2019 Bhac<\/td>\n<td width=\"250\">A noble Lewis lady undertakes a long journey to Tibet for a special meeting with a special person<\/td>\n<td width=\"251\"><a href=\"https:\/\/www.youtube.com\/watch?v=urjHTiEDgds\">YouTube<\/a><\/p>\n<p><a href=\"http:\/\/multidict.net\/cs\/3329\">Clilstore<\/a><\/td>\n<\/tr>\n<\/tbody>\n<\/table>\n","protected":false},"excerpt":{"rendered":"<p>1. Saoghal Thormoid &nbsp; On consecutive days in the last week of April 2016 Gordon Wells recorded a series of Gaelic conversations with famed writer and entertainer Norman Maclean, in which Norman spoke reflectively of his memories and impressions of Gaelic life in Glasgow and the Hebrides from the middle of the Twentieth Century up &hellip; <a href=\"https:\/\/www.northpost.co.uk\/uhi\/sgeulachdan-thormoid\/\" class=\"more-link\">Continue reading <span class=\"screen-reader-text\">Norman Maclean<\/span><\/a><\/p>\n","protected":false},"author":2,"featured_media":0,"parent":0,"menu_order":13,"comment_status":"closed","ping_status":"closed","template":"","meta":{"footnotes":""},"class_list":["post-3412","page","type-page","status-publish","hentry"],"_links":{"self":[{"href":"https:\/\/www.northpost.co.uk\/uhi\/wp-json\/wp\/v2\/pages\/3412","targetHints":{"allow":["GET"]}}],"collection":[{"href":"https:\/\/www.northpost.co.uk\/uhi\/wp-json\/wp\/v2\/pages"}],"about":[{"href":"https:\/\/www.northpost.co.uk\/uhi\/wp-json\/wp\/v2\/types\/page"}],"author":[{"embeddable":true,"href":"https:\/\/www.northpost.co.uk\/uhi\/wp-json\/wp\/v2\/users\/2"}],"replies":[{"embeddable":true,"href":"https:\/\/www.northpost.co.uk\/uhi\/wp-json\/wp\/v2\/comments?post=3412"}],"version-history":[{"count":0,"href":"https:\/\/www.northpost.co.uk\/uhi\/wp-json\/wp\/v2\/pages\/3412\/revisions"}],"wp:attachment":[{"href":"https:\/\/www.northpost.co.uk\/uhi\/wp-json\/wp\/v2\/media?parent=3412"}],"curies":[{"name":"wp","href":"https:\/\/api.w.org\/{rel}","templated":true}]}}