{"id":3085,"date":"2015-01-19T12:51:19","date_gmt":"2015-01-19T12:51:19","guid":{"rendered":"hhttps:\/\/www.northpost.co.uk\/uhi\/?page_id=3085"},"modified":"2015-01-19T12:51:19","modified_gmt":"2015-01-19T12:51:19","slug":"gaelic_journeys","status":"publish","type":"page","link":"https:\/\/www.northpost.co.uk\/uhi\/gaelic_journeys\/","title":{"rendered":"Gaelic Journeys"},"content":{"rendered":"<p><img loading=\"lazy\" decoding=\"async\" class=\"aligncenter size-full wp-image-3080\" src=\"https:\/\/www.northpost.co.uk\/uhi\/wp-content\/uploads\/2015\/01\/donegalbanner.jpg\" alt=\"DonegalBanner\" width=\"595\" height=\"125\" srcset=\"https:\/\/www.northpost.co.uk\/uhi\/wp-content\/uploads\/2015\/01\/donegalbanner.jpg 620w, https:\/\/www.northpost.co.uk\/uhi\/wp-content\/uploads\/2015\/01\/donegalbanner-300x63.jpg 300w\" sizes=\"auto, (max-width: 595px) 100vw, 595px\" \/><\/p>\n<p>This page brings together most of the recordings made as part of the reciprocal visits between Scotland and Ireland under the Guthan nan Eilean\/Guthanna na nOile\u00e1n project funded by <a href=\"http:\/\/www.colmcille.net\/en\/\">Colmcille<\/a>. In the links columns you can click on the \u201cYoutube\u201d link to go directly to the recording, or on the \u201cWordpress\u201d link to read the Island Voices blogpost about it. A \u201cClilstore\u201d link will take you to a wordlinked transcript.<\/p>\n<p><strong>Table 1. Scottish visit to Ranafast (2013)<\/strong><\/p>\n<table>\n<tbody>\n<tr>\n<td width=\"102\">Title<\/td>\n<td width=\"71\">Language<\/td>\n<td width=\"287\">Content<\/td>\n<td width=\"85\">Links<\/td>\n<\/tr>\n<tr>\n<td width=\"102\">A Gaelic Journey<\/td>\n<td width=\"71\">English<\/td>\n<td width=\"287\">The Scottish Island Voices Project (Guthan nan Eilean) visits Ireland. This version of the documentary has an English commentary.<\/td>\n<td width=\"85\"><a href=\"http:\/\/www.youtube.com\/watch?v=Unx1xpaWyVU&amp;list=PLOku8VJ3RjvItduBPtAUtj3HDHtCqtxlr&amp;index=7\">YouTube<\/a><\/p>\n<p><a href=\"http:\/\/multidict.net\/cs\/1138\">Clilstore<\/a><\/p>\n<p><a href=\"hhttps:\/\/www.northpost.co.uk\/uhi\/2013\/05\/03\/trilingual-trip\/\">WordPress<\/a><\/td>\n<\/tr>\n<tr>\n<td width=\"102\">Cuairt Ghaelach<\/td>\n<td width=\"71\">Gaeilge<\/td>\n<td width=\"287\">The Scottish Island Voices Project (Guthan nan Eilean) visits Ireland. This documentary has an Irish language commentary.<\/td>\n<td width=\"85\"><a href=\"http:\/\/www.youtube.com\/watch?v=RHZS4f1xagA&amp;list=PLOku8VJ3RjvItduBPtAUtj3HDHtCqtxlr&amp;index=1\">YouTube<\/a><\/p>\n<p><a href=\"http:\/\/multidict.net\/cs\/1142\">Clilstore<\/a><\/p>\n<p><a href=\"hhttps:\/\/www.northpost.co.uk\/uhi\/2013\/05\/03\/trilingual-trip\/\">WordPress<\/a><\/td>\n<\/tr>\n<tr>\n<td width=\"102\">Cuairt Gh\u00e0idhealach<\/td>\n<td width=\"71\">G\u00e0idhlig<\/td>\n<td width=\"287\">The Scottish Island Voices Project (Guthan nan Eilean) visits Ireland. This documentary has a Scottish Gaelic commentary.<\/td>\n<td width=\"85\"><a href=\"http:\/\/www.youtube.com\/watch?v=7bizb_Y_mU8&amp;list=PLOku8VJ3RjvItduBPtAUtj3HDHtCqtxlr&amp;index=5\">YouTube<\/a><\/p>\n<p><a href=\"http:\/\/multidict.net\/cs\/1136\">Clilstore<\/a><\/p>\n<p><a href=\"hhttps:\/\/www.northpost.co.uk\/uhi\/2013\/05\/03\/trilingual-trip\/\">WordPress<\/a><\/td>\n<\/tr>\n<tr>\n<td width=\"102\">Darragh \u00d3 Dochartaigh<\/td>\n<td width=\"71\">Gaeilge<\/td>\n<td width=\"287\">Darragh recites a poem<\/td>\n<td width=\"85\"><a href=\"http:\/\/www.youtube.com\/watch?v=K5Rp4WyMTpY&amp;list=PLOku8VJ3RjvItduBPtAUtj3HDHtCqtxlr&amp;index=3\">YouTube<\/a><\/td>\n<\/tr>\n<tr>\n<td width=\"102\">Shauna N\u00ed Dhochartaigh<\/td>\n<td width=\"71\">Gaeilge<\/td>\n<td width=\"287\">Shauna recites a poem<\/td>\n<td width=\"85\"><a href=\"http:\/\/www.ipadio.com\/broadcasts\/GordonWells\/2013\/5\/1\/Shauna-Ni-Dhochartaigh\">Ipadio<\/a><\/td>\n<\/tr>\n<tr>\n<td width=\"102\">Club \u00d3ige Rann na Feirste<\/td>\n<td width=\"71\">Gaeilge<\/td>\n<td width=\"287\">Bridanna talks to Caoimh\u00ecn about the youth club<\/td>\n<td width=\"85\"><a href=\"http:\/\/www.youtube.com\/watch?v=sv3tdC8jbXo&amp;list=PLOku8VJ3RjvItduBPtAUtj3HDHtCqtxlr&amp;index=2\">YouTube<\/a><\/p>\n<p><a href=\"http:\/\/multidict.net\/cs\/1141\">Clilstore<\/a><\/td>\n<\/tr>\n<tr>\n<td width=\"102\">B\u00f3thar an<\/p>\n<p>Chladaigh<\/td>\n<td width=\"71\">Gaeilge<\/td>\n<td width=\"287\">Aodh talks to Neil about stonework<\/td>\n<td width=\"85\"><a href=\"http:\/\/www.youtube.com\/watch?v=AP4V-QoxVtw&amp;list=PLOku8VJ3RjvItduBPtAUtj3HDHtCqtxlr&amp;index=4\">YouTube<\/a><\/p>\n<p><a href=\"http:\/\/multidict.net\/cs\/1140\">Clilstore<\/a><\/td>\n<\/tr>\n<tr>\n<td width=\"102\">Eairdsidh agus N\u00ecall Caimbeul<\/td>\n<td width=\"71\">G\u00e0idhlig<\/td>\n<td width=\"287\">Eairdsidh and N\u00ecall exchange impressions<\/td>\n<td width=\"85\"><a href=\"http:\/\/www.youtube.com\/watch?v=Y43I66Bxi6c&amp;list=PLOku8VJ3RjvItduBPtAUtj3HDHtCqtxlr&amp;index=6\">YouTube<\/a><\/p>\n<p><a href=\"http:\/\/multidict.net\/cs\/1137\">Clilstore<\/a><\/td>\n<\/tr>\n<\/tbody>\n<\/table>\n<p><strong>Table 2. Irish visit to Benbecula (2014)<\/strong><\/p>\n<table>\n<tbody>\n<tr>\n<td width=\"102\">Title<\/td>\n<td width=\"76\">Language<\/td>\n<td width=\"293\">Content<\/td>\n<td width=\"85\">Links<\/td>\n<\/tr>\n<tr>\n<td width=\"102\">Eairdsidh Caimbeul ag caint faoin oile\u00e1n<\/td>\n<td width=\"76\">G\u00e0idhlig<\/td>\n<td width=\"293\">From the top of Rueval, Archie Campbell explains to the Irish visitors some of the historical background to the sights spread out below and beyond.<\/td>\n<td width=\"85\"><a href=\"https:\/\/www.youtube.com\/watch?v=0PTnYbafwS0\">YouTube<\/a><\/p>\n<p><a href=\"hhttps:\/\/www.northpost.co.uk\/uhi\/2014\/11\/24\/the-road-to-rueval-and-beyond\/\">WordPress<\/a><\/td>\n<\/tr>\n<tr>\n<td width=\"102\">Ruabhal<\/td>\n<td width=\"76\">Gaeilge<\/td>\n<td width=\"293\">N\u00ecall and the two Caoimh\u00ecns discuss geographical terms in Irish and Scottish Gaelic, from the top of Rueval.<\/td>\n<td width=\"85\"><a href=\"https:\/\/www.youtube.com\/watch?v=O8tDp5XLot8\">YouTube<\/a><\/td>\n<\/tr>\n<tr>\n<td width=\"102\">O\u00edche Shamhna sa Ghaeltacht<\/td>\n<td width=\"76\">Gaeilge<\/td>\n<td width=\"293\">Sitting by the huge original fireplace in the historic Nunton House \u2013 on a dark and stormy night \u2013 Colm shares his childhood memories of what Scottish Gaels would call \u201cOidhche Shamhna\u201d with Malachy.<\/td>\n<td width=\"85\"><a href=\"https:\/\/www.youtube.com\/watch?v=e5nO4SUu8Pw\">YouTube<\/a><\/p>\n<p><a href=\"http:\/\/multidict.net\/wordlink\/?navsize=1&amp;sl=ga&amp;url=http:\/\/multidict.net\/clilstore\/page.php?id=2355\">Clilstore<\/a><\/p>\n<p><a href=\"hhttps:\/\/www.northpost.co.uk\/uhi\/2014\/10\/31\/irish-halloween\/\">WordPress<\/a><\/td>\n<\/tr>\n<tr>\n<td width=\"102\">An F\u00f3mhar<\/td>\n<td width=\"76\">Gaeilge<\/td>\n<td width=\"293\">Aod\u00e1n \u00d3 Cearbhaill i mbun cainte le Caoimh\u00edn \u00d3 D\u00f3naill faoin athr\u00fa a thagann ar an saol san Fh\u00f3mhar<\/td>\n<td width=\"85\"><a href=\"https:\/\/www.youtube.com\/watch?v=kd9B7uwzRe4\">YouTube<\/a><\/p>\n<p>&nbsp;<\/p>\n<p>&nbsp;<\/td>\n<\/tr>\n<tr>\n<td width=\"102\">B\u00e9aloideas<\/td>\n<td width=\"76\">Gaeilge<\/td>\n<td width=\"293\">Niall Comer agus Conal Mac Se\u00e1in ag pl\u00e9 c\u00farsa\u00ed b\u00e9aloidis<\/td>\n<td width=\"85\"><a href=\"https:\/\/www.youtube.com\/watch?v=jD3bVogWTcU\">YouTube<\/a><\/p>\n<p><a href=\"http:\/\/multidict.net\/cs\/2450\">Clilstore<\/a><\/td>\n<\/tr>\n<tr>\n<td width=\"102\">Niall Comer agus Malachy \u00d3 N\u00e9ill<\/td>\n<td width=\"76\">Gaeilge<\/td>\n<td width=\"293\">Smaointe f\u00e1 Ghaeilge na h\u00c9ireann agus na hAlban \u00e1 gc\u00edoradh ag Niall Comer agus Malachy \u00d3 N\u00e9ill<\/td>\n<td width=\"85\"><a href=\"https:\/\/www.youtube.com\/watch?v=PcmMS1MTFxg\">YouTube<\/a><\/td>\n<\/tr>\n<tr>\n<td width=\"102\">Conal Mac Se\u00e1in<\/td>\n<td width=\"76\">Gaeilge<\/td>\n<td width=\"293\">Conal Mac Se\u00e1in ag meabhr\u00fa ar an seal a chaith s\u00e9 ar Bheinn na Foghla<\/td>\n<td width=\"85\"><a href=\"https:\/\/www.youtube.com\/watch?v=WJYB0Bvyu8k\">YouTube<\/a><\/p>\n<p><a href=\"http:\/\/multidict.net\/cs\/2781\">Clilstore<\/a><\/td>\n<\/tr>\n<tr>\n<td width=\"102\">Aod\u00e1n \u00d3 Cearbhaill<\/td>\n<td width=\"76\">Gaeilge<\/td>\n<td width=\"293\">Aod\u00e1n \u00d3 Cearbhaill ag machnamh ar an turas<\/td>\n<td width=\"85\"><a href=\"https:\/\/www.youtube.com\/watch?v=0lMRz9ff6fA\">YouTube<\/a><\/p>\n<p><a href=\"http:\/\/multidict.net\/cs\/2783\">Clilstore<\/a><\/td>\n<\/tr>\n<tr>\n<td width=\"102\">Colm Mac Giolla Easbuic<\/td>\n<td width=\"76\">Gaeilge<\/td>\n<td width=\"293\">Roinneann Colm Mac Giolla Easbuic a smaointe ar an seal a chaith s\u00e9 ar Bheinn na Faoghla.<\/td>\n<td width=\"85\"><a href=\"https:\/\/www.youtube.com\/watch?v=wNLP5W5Anc8\">YouTube<\/a><\/td>\n<\/tr>\n<tr>\n<td width=\"102\">Caoimh\u00edn agus Gordon<\/td>\n<td width=\"76\">G\u00e0idhlig,<\/p>\n<p>Gaeilge<\/td>\n<td width=\"293\">Air an oidhche mu dheireadh bha c\u00f2mhradh goirid \u201cd\u00e0-ch\u00e0nanach\u201d ann eadar Caoimh\u00edn \u00d3 D\u00f3naill agus Gordon Wells.<\/td>\n<td width=\"85\"><a href=\"https:\/\/www.youtube.com\/watch?v=meS1yagvTJM\">YouTube<br \/>\n<\/a><br \/>\n<a href=\"hhttps:\/\/www.northpost.co.uk\/uhi\/2014\/11\/04\/aon-chanan-no-dha\/\">WordPress<\/a><\/td>\n<\/tr>\n<tr>\n<td width=\"102\">Eairdsidh Caimbeul<\/td>\n<td width=\"76\">G\u00e0idhlig<\/td>\n<td width=\"293\">Seo Eairdsidh, a\u2019 bruidhinn agus a\u2019 beachdachadh air an turas a bh\u2019 aige gu \u00c8irinn an uiridh, agus air na tha ri fhaicinn agus ri dh\u00e8anamh air an eilean aige fh\u00e8in.<\/td>\n<td width=\"85\"><a href=\"https:\/\/www.youtube.com\/watch?v=7HYHN-AYP4U\">YouTube<\/p>\n<p><\/a><a href=\"hhttps:\/\/www.northpost.co.uk\/uhi\/2014\/11\/03\/eairdsidh-caimbeul-a-beinn-na-faoghla\/\">WordPress<\/a><\/td>\n<\/tr>\n<tr>\n<td width=\"102\">Casadh an tS\u00fag\u00e1in<\/td>\n<td width=\"76\">Gaeilge<\/td>\n<td width=\"293\">Neil Comer of Ulster University is a man of many talents\u2026 Ce\u00f2l nam measg!<\/td>\n<td width=\"85\"><a href=\"https:\/\/www.youtube.com\/watch?v=cK5Oh2PnhM8\">YouTube<br \/>\n<\/a><br \/>\n<a href=\"hhttps:\/\/www.northpost.co.uk\/uhi\/2014\/11\/01\/casadh-an-tsugain\/\">WordPress<\/a><\/td>\n<\/tr>\n<\/tbody>\n<\/table>\n<p>&nbsp;<\/p>\n","protected":false},"excerpt":{"rendered":"<p>This page brings together most of the recordings made as part of the reciprocal visits between Scotland and Ireland under the Guthan nan Eilean\/Guthanna na nOile\u00e1n project funded by Colmcille. In the links columns you can click on the \u201cYoutube\u201d link to go directly to the recording, or on the \u201cWordpress\u201d link to read the &hellip; <a href=\"https:\/\/www.northpost.co.uk\/uhi\/gaelic_journeys\/\" class=\"more-link\">Continue reading <span class=\"screen-reader-text\">Gaelic Journeys<\/span><\/a><\/p>\n","protected":false},"author":2,"featured_media":0,"parent":0,"menu_order":11,"comment_status":"open","ping_status":"closed","template":"","meta":{"footnotes":""},"class_list":["post-3085","page","type-page","status-publish","hentry"],"_links":{"self":[{"href":"https:\/\/www.northpost.co.uk\/uhi\/wp-json\/wp\/v2\/pages\/3085","targetHints":{"allow":["GET"]}}],"collection":[{"href":"https:\/\/www.northpost.co.uk\/uhi\/wp-json\/wp\/v2\/pages"}],"about":[{"href":"https:\/\/www.northpost.co.uk\/uhi\/wp-json\/wp\/v2\/types\/page"}],"author":[{"embeddable":true,"href":"https:\/\/www.northpost.co.uk\/uhi\/wp-json\/wp\/v2\/users\/2"}],"replies":[{"embeddable":true,"href":"https:\/\/www.northpost.co.uk\/uhi\/wp-json\/wp\/v2\/comments?post=3085"}],"version-history":[{"count":0,"href":"https:\/\/www.northpost.co.uk\/uhi\/wp-json\/wp\/v2\/pages\/3085\/revisions"}],"wp:attachment":[{"href":"https:\/\/www.northpost.co.uk\/uhi\/wp-json\/wp\/v2\/media?parent=3085"}],"curies":[{"name":"wp","href":"https:\/\/api.w.org\/{rel}","templated":true}]}}